{"id":38,"date":"2025-05-19T10:03:19","date_gmt":"2025-05-19T10:03:19","guid":{"rendered":"https:\/\/mintcream-louse-751971.hostingersite.com\/?page_id=38"},"modified":"2025-06-30T10:52:05","modified_gmt":"2025-06-30T10:52:05","slug":"bal-populaire","status":"publish","type":"page","link":"https:\/\/orchestre-bahamas.fr\/?page_id=38","title":{"rendered":"Prestations"},"content":{"rendered":"\t\t<div data-elementor-type=\"wp-page\" data-elementor-id=\"38\" class=\"elementor elementor-38\">\n\t\t\t\t<div class=\"elementor-element elementor-element-a1350fe e-flex e-con-boxed wpr-particle-no wpr-jarallax-no wpr-parallax-no wpr-sticky-section-no e-con e-parent\" data-id=\"a1350fe\" data-element_type=\"container\" data-settings=\"{&quot;background_background&quot;:&quot;classic&quot;}\">\n\t\t\t\t\t<div class=\"e-con-inner\">\n\t\t\t\t<div class=\"elementor-element elementor-element-e68be70 elementor-widget elementor-widget-text-editor\" data-id=\"e68be70\" data-element_type=\"widget\" data-widget_type=\"text-editor.default\">\n\t\t\t\t<div class=\"elementor-widget-container\">\n\t\t\t\t\t\t\t\t\t<h2><span style=\"color: #ffff00;\"><strong>Une \u00e9quipe \u00e0 taille humaine &#8230;<\/strong><\/span><\/h2><p>Ce qui fait notre force, c\u2019est notre proximit\u00e9 avec le public. Chaque concert, chaque Bal Populaire, chaque soir\u00e9e dansante est l\u2019occasion de partager, d\u2019interagir et de cr\u00e9er un lien fort avec les spectateurs. Nos chanteurs aiment descendre dans le public, faire chanter, danser, rire. Cette dimension humaine et participative est au c\u0153ur de notre identit\u00e9.<\/p><p>Nous travaillons main dans la main avec les organisateurs pour proposer un spectacle personnalis\u00e9, qui respecte l\u2019esprit de l\u2019\u00e9v\u00e9nement et les envies du public. De la premi\u00e8re prise de contact jusqu\u2019au jour J, nous assurons un accompagnement complet, r\u00e9actif et professionnel.<br \/><br \/>Notre devise : s\u00e9rieux sans se prendre au s\u00e9rieux. Nous mettons tout en \u0153uvre pour vous offrir un moment musical d\u2019exception, dans la bonne humeur et la complicit\u00e9. L\u2019orchestre est une famille, et chaque prestation est une f\u00eate que nous partageons avec vous.<\/p>\t\t\t\t\t\t\t\t<\/div>\n\t\t\t\t<\/div>\n\t\t\t\t\t<\/div>\n\t\t\t\t<\/div>\n\t\t<div class=\"elementor-element elementor-element-d1fa018 e-flex e-con-boxed wpr-particle-no wpr-jarallax-no wpr-parallax-no wpr-sticky-section-no e-con e-parent\" data-id=\"d1fa018\" data-element_type=\"container\" data-settings=\"{&quot;background_background&quot;:&quot;classic&quot;}\">\n\t\t\t\t\t<div class=\"e-con-inner\">\n\t\t<div class=\"elementor-element elementor-element-a75d751 e-con-full e-flex wpr-particle-no wpr-jarallax-no wpr-parallax-no wpr-sticky-section-no e-con e-child\" data-id=\"a75d751\" data-element_type=\"container\">\n\t\t\t\t<\/div>\n\t\t<div class=\"elementor-element elementor-element-6dd549d e-con-full e-flex wpr-particle-no wpr-jarallax-no wpr-parallax-no wpr-sticky-section-no e-con e-child\" data-id=\"6dd549d\" data-element_type=\"container\">\n\t\t\t\t<div class=\"elementor-element elementor-element-c78e437 elementor-widget elementor-widget-text-editor\" data-id=\"c78e437\" data-element_type=\"widget\" data-widget_type=\"text-editor.default\">\n\t\t\t\t<div class=\"elementor-widget-container\">\n\t\t\t\t\t\t\t\t\t<h3><strong>Bal Populaire &amp; Soir\u00e9e Priv\u00e9e<\/strong><\/h3><p>Revivez l&rsquo;ambiance des f\u00eates de village avec notre Bal Populaire. Un m\u00e9lange de musette, de vari\u00e9t\u00e9s fran\u00e7aises et internationales pour faire danser toutes les g\u00e9n\u00e9rations.Pour vos \u00e9v\u00e9nements priv\u00e9s, nous proposons des concerts adapt\u00e9s \u00e0 votre public. <a href=\"https:\/\/orchestre-bahamas.fr\/?page_id=36\">Une s\u00e9lection musicale personnalis\u00e9e<\/a> et une mise en sc\u00e8ne soign\u00e9e pour un moment unique.<\/p><h3><strong>Soir\u00e9es Dansantes<\/strong><\/h3><p>Que ce soit pour une association, une entreprise ou une collectivit\u00e9, nos soir\u00e9es dansantes sont con\u00e7ues pour faire vibrer le dancefloor. Un show dynamique et interactif qui s\u00e9duira tous vos invit\u00e9s.<\/p>\t\t\t\t\t\t\t\t<\/div>\n\t\t\t\t<\/div>\n\t\t\t\t<\/div>\n\t\t\t\t\t<\/div>\n\t\t\t\t<\/div>\n\t\t<div class=\"elementor-element elementor-element-43b79fd e-flex e-con-boxed wpr-particle-no wpr-jarallax-no wpr-parallax-no wpr-sticky-section-no e-con e-parent\" data-id=\"43b79fd\" data-element_type=\"container\" data-settings=\"{&quot;background_background&quot;:&quot;classic&quot;}\">\n\t\t\t\t\t<div class=\"e-con-inner\">\n\t\t\t\t<div class=\"elementor-element elementor-element-28778b1 elementor-widget elementor-widget-text-editor\" data-id=\"28778b1\" data-element_type=\"widget\" data-widget_type=\"text-editor.default\">\n\t\t\t\t<div class=\"elementor-widget-container\">\n\t\t\t\t\t\t\t\t\t<h3><strong>\u00c9v\u00e9nementiel<\/strong><\/h3><p>Confiez-nous l&rsquo;animation musicale de vos \u00e9v\u00e9nements professionnels : galas, s\u00e9minaires, lancements de produits&#8230; Nous mettons notre expertise au service de votre image, avec <a href=\"https:\/\/www.instagram.com\/orchestre_bahamas\/\" target=\"_blank\" rel=\"noopener\">une prestation sur mesure<\/a> et un mat\u00e9riel technique de qualit\u00e9.<\/p>\t\t\t\t\t\t\t\t<\/div>\n\t\t\t\t<\/div>\n\t\t\t\t\t<\/div>\n\t\t\t\t<\/div>\n\t\t<div class=\"elementor-element elementor-element-ced66c3 e-flex e-con-boxed wpr-particle-no wpr-jarallax-no wpr-parallax-no wpr-sticky-section-no e-con e-parent\" data-id=\"ced66c3\" data-element_type=\"container\" data-settings=\"{&quot;background_background&quot;:&quot;classic&quot;}\">\n\t\t\t\t\t<div class=\"e-con-inner\">\n\t\t\t\t<div class=\"elementor-element elementor-element-861ecb0 elementor-widget elementor-widget-image\" data-id=\"861ecb0\" data-element_type=\"widget\" data-widget_type=\"image.default\">\n\t\t\t\t<div class=\"elementor-widget-container\">\n\t\t\t\t\t\t\t\t\t\t\t\t\t\t\t<img fetchpriority=\"high\" decoding=\"async\" width=\"461\" height=\"187\" src=\"https:\/\/orchestre-bahamas.fr\/wp-content\/uploads\/2025\/06\/Logo-Bahamas-2025.png\" class=\"attachment-large size-large wp-image-516\" alt=\"Bal Populaire - L&#039;Orchestre Bahamas au services de vos soir\u00e9es.\" srcset=\"https:\/\/orchestre-bahamas.fr\/wp-content\/uploads\/2025\/06\/Logo-Bahamas-2025.png 461w, https:\/\/orchestre-bahamas.fr\/wp-content\/uploads\/2025\/06\/Logo-Bahamas-2025-300x122.png 300w\" sizes=\"(max-width: 461px) 100vw, 461px\" \/>\t\t\t\t\t\t\t\t\t\t\t\t\t\t\t<\/div>\n\t\t\t\t<\/div>\n\t\t\t\t\t<\/div>\n\t\t\t\t<\/div>\n\t\t<div class=\"elementor-element elementor-element-6ac031c e-flex e-con-boxed wpr-particle-no wpr-jarallax-no wpr-parallax-no wpr-sticky-section-no e-con e-parent\" data-id=\"6ac031c\" data-element_type=\"container\" data-settings=\"{&quot;background_background&quot;:&quot;classic&quot;}\">\n\t\t\t\t\t<div class=\"e-con-inner\">\n\t\t\t\t\t<\/div>\n\t\t\t\t<\/div>\n\t\t\t\t<\/div>\n\t\t","protected":false},"excerpt":{"rendered":"<p>Une \u00e9quipe \u00e0 taille humaine &#8230; Ce qui fait notre force, c\u2019est notre proximit\u00e9 avec le public. Chaque concert, chaque Bal Populaire, chaque soir\u00e9e dansante est l\u2019occasion de partager, d\u2019interagir et de cr\u00e9er un lien fort avec les spectateurs. Nos chanteurs aiment descendre dans le public, faire chanter, danser, rire. Cette dimension humaine et participative est au c\u0153ur de notre identit\u00e9. Nous travaillons main dans la main avec les organisateurs pour proposer un spectacle personnalis\u00e9, qui respecte l\u2019esprit de l\u2019\u00e9v\u00e9nement et les envies du public. De la premi\u00e8re prise de contact jusqu\u2019au jour J, nous assurons un accompagnement complet, r\u00e9actif et professionnel. Notre devise : s\u00e9rieux sans se prendre au s\u00e9rieux. Nous mettons tout en \u0153uvre pour vous offrir un moment musical d\u2019exception, dans la bonne humeur et la complicit\u00e9. L\u2019orchestre est une famille, et chaque prestation est une f\u00eate que nous partageons avec vous. Bal Populaire &amp; Soir\u00e9e Priv\u00e9e Revivez l&rsquo;ambiance des f\u00eates de village avec notre Bal Populaire. Un m\u00e9lange de musette, de vari\u00e9t\u00e9s fran\u00e7aises et internationales pour faire danser toutes les g\u00e9n\u00e9rations.Pour vos \u00e9v\u00e9nements priv\u00e9s, nous proposons des concerts adapt\u00e9s \u00e0 votre public. Une s\u00e9lection musicale personnalis\u00e9e et une mise en sc\u00e8ne soign\u00e9e pour un moment unique. Soir\u00e9es Dansantes Que ce soit pour une association, une entreprise ou une collectivit\u00e9, nos soir\u00e9es dansantes sont con\u00e7ues pour faire vibrer le dancefloor. Un show dynamique et interactif qui s\u00e9duira tous vos invit\u00e9s. \u00c9v\u00e9nementiel Confiez-nous l&rsquo;animation musicale de vos \u00e9v\u00e9nements professionnels : galas, s\u00e9minaires, lancements de produits&#8230; Nous mettons notre expertise au service de votre image, avec une prestation sur mesure et un mat\u00e9riel technique de qualit\u00e9.<\/p>\n","protected":false},"author":1,"featured_media":212,"parent":0,"menu_order":0,"comment_status":"closed","ping_status":"closed","template":"","meta":{"footnotes":""},"class_list":["post-38","page","type-page","status-publish","has-post-thumbnail","hentry"],"yoast_head":"<!-- This site is optimized with the Yoast SEO plugin v27.5 - https:\/\/yoast.com\/product\/yoast-seo-wordpress\/ -->\n<title>Bal Populaire - L&#039;Orchestre Bahamas au service de vos soir\u00e9es.<\/title>\n<meta name=\"description\" content=\"L&#039;Orchestre Bahamas au service de vos soir\u00e9es : Bal Populaire, mariage, concert, \u00e9v\u00e8nementiel d&#039;entreprise, soir\u00e9e associative.\" \/>\n<meta name=\"robots\" content=\"index, follow, max-snippet:-1, max-image-preview:large, max-video-preview:-1\" \/>\n<link rel=\"canonical\" href=\"https:\/\/orchestre-bahamas.fr\/?page_id=38\" \/>\n<meta property=\"og:locale\" content=\"fr_FR\" \/>\n<meta property=\"og:type\" content=\"article\" \/>\n<meta property=\"og:title\" content=\"Bal Populaire - L&#039;Orchestre Bahamas au service de vos soir\u00e9es.\" \/>\n<meta property=\"og:description\" content=\"L&#039;Orchestre Bahamas au service de vos soir\u00e9es : Bal Populaire, mariage, concert, \u00e9v\u00e8nementiel d&#039;entreprise, soir\u00e9e associative.\" \/>\n<meta property=\"og:url\" content=\"https:\/\/orchestre-bahamas.fr\/?page_id=38\" \/>\n<meta property=\"og:site_name\" content=\"Orchestre de VEND\u00c9E BAHAMAS - Orchestre Bahamas : Mariage, bals, noces, vari\u00e9t\u00e9s - Vend\u00e9e Pays de la Loire \u00e0 Palluau (85)\" \/>\n<meta property=\"article:publisher\" content=\"https:\/\/www.facebook.com\/p\/Orchestre-Bahamas-100041518577628\/?locale=fr_FR\" \/>\n<meta property=\"article:modified_time\" content=\"2025-06-30T10:52:05+00:00\" \/>\n<meta property=\"og:image\" content=\"https:\/\/orchestre-bahamas.fr\/wp-content\/uploads\/2025\/06\/diapo1-1.jpg\" \/>\n\t<meta property=\"og:image:width\" content=\"1000\" \/>\n\t<meta property=\"og:image:height\" content=\"1000\" \/>\n\t<meta property=\"og:image:type\" content=\"image\/jpeg\" \/>\n<meta name=\"twitter:card\" content=\"summary_large_image\" \/>\n<meta name=\"twitter:label1\" content=\"Dur\u00e9e de lecture estim\u00e9e\" \/>\n\t<meta name=\"twitter:data1\" content=\"2 minutes\" \/>\n<script type=\"application\/ld+json\" class=\"yoast-schema-graph\">{\"@context\":\"https:\\\/\\\/schema.org\",\"@graph\":[{\"@type\":\"WebPage\",\"@id\":\"https:\\\/\\\/orchestre-bahamas.fr\\\/?page_id=38\",\"url\":\"https:\\\/\\\/orchestre-bahamas.fr\\\/?page_id=38\",\"name\":\"Bal Populaire - L'Orchestre Bahamas au service de vos soir\u00e9es.\",\"isPartOf\":{\"@id\":\"https:\\\/\\\/orchestre-bahamas.fr\\\/#website\"},\"primaryImageOfPage\":{\"@id\":\"https:\\\/\\\/orchestre-bahamas.fr\\\/?page_id=38#primaryimage\"},\"image\":{\"@id\":\"https:\\\/\\\/orchestre-bahamas.fr\\\/?page_id=38#primaryimage\"},\"thumbnailUrl\":\"https:\\\/\\\/orchestre-bahamas.fr\\\/wp-content\\\/uploads\\\/2025\\\/06\\\/diapo1-1.jpg\",\"datePublished\":\"2025-05-19T10:03:19+00:00\",\"dateModified\":\"2025-06-30T10:52:05+00:00\",\"description\":\"L'Orchestre Bahamas au service de vos soir\u00e9es : Bal Populaire, mariage, concert, \u00e9v\u00e8nementiel d'entreprise, soir\u00e9e associative.\",\"breadcrumb\":{\"@id\":\"https:\\\/\\\/orchestre-bahamas.fr\\\/?page_id=38#breadcrumb\"},\"inLanguage\":\"fr-FR\",\"potentialAction\":[{\"@type\":\"ReadAction\",\"target\":[\"https:\\\/\\\/orchestre-bahamas.fr\\\/?page_id=38\"]}]},{\"@type\":\"ImageObject\",\"inLanguage\":\"fr-FR\",\"@id\":\"https:\\\/\\\/orchestre-bahamas.fr\\\/?page_id=38#primaryimage\",\"url\":\"https:\\\/\\\/orchestre-bahamas.fr\\\/wp-content\\\/uploads\\\/2025\\\/06\\\/diapo1-1.jpg\",\"contentUrl\":\"https:\\\/\\\/orchestre-bahamas.fr\\\/wp-content\\\/uploads\\\/2025\\\/06\\\/diapo1-1.jpg\",\"width\":1000,\"height\":1000,\"caption\":\"L'Orchestre Bahamas au service de vos soir\u00e9es : Bal Populaire, mariage, concert, \u00e9v\u00e8nementiel d'entreprise, soir\u00e9e associative.\"},{\"@type\":\"BreadcrumbList\",\"@id\":\"https:\\\/\\\/orchestre-bahamas.fr\\\/?page_id=38#breadcrumb\",\"itemListElement\":[{\"@type\":\"ListItem\",\"position\":1,\"name\":\"Accueil\",\"item\":\"https:\\\/\\\/orchestre-bahamas.fr\\\/\"},{\"@type\":\"ListItem\",\"position\":2,\"name\":\"Prestations\"}]},{\"@type\":\"WebSite\",\"@id\":\"https:\\\/\\\/orchestre-bahamas.fr\\\/#website\",\"url\":\"https:\\\/\\\/orchestre-bahamas.fr\\\/\",\"name\":\"L'Orchestre Bahamas : Mariage, bals, noces, vari\u00e9t\u00e9s - Vend\u00e9e Pays de la Loire \u00e0 Palluau (85)\",\"description\":\"\",\"publisher\":{\"@id\":\"https:\\\/\\\/orchestre-bahamas.fr\\\/#organization\"},\"potentialAction\":[{\"@type\":\"SearchAction\",\"target\":{\"@type\":\"EntryPoint\",\"urlTemplate\":\"https:\\\/\\\/orchestre-bahamas.fr\\\/?s={search_term_string}\"},\"query-input\":{\"@type\":\"PropertyValueSpecification\",\"valueRequired\":true,\"valueName\":\"search_term_string\"}}],\"inLanguage\":\"fr-FR\"},{\"@type\":\"Organization\",\"@id\":\"https:\\\/\\\/orchestre-bahamas.fr\\\/#organization\",\"name\":\"L'Orchestre Bahamas en VEND\u00c9E - L'Orchestre Bahamas : Mariage, bals, noces, vari\u00e9t\u00e9s - Vend\u00e9e Pays de la Loire \u00e0 Palluau (85)\",\"url\":\"https:\\\/\\\/orchestre-bahamas.fr\\\/\",\"logo\":{\"@type\":\"ImageObject\",\"inLanguage\":\"fr-FR\",\"@id\":\"https:\\\/\\\/orchestre-bahamas.fr\\\/#\\\/schema\\\/logo\\\/image\\\/\",\"url\":\"https:\\\/\\\/orchestre-bahamas.fr\\\/wp-content\\\/uploads\\\/2025\\\/06\\\/logo2025.png\",\"contentUrl\":\"https:\\\/\\\/orchestre-bahamas.fr\\\/wp-content\\\/uploads\\\/2025\\\/06\\\/logo2025.png\",\"width\":453,\"height\":243,\"caption\":\"L'Orchestre Bahamas en VEND\u00c9E - L'Orchestre Bahamas : Mariage, bals, noces, vari\u00e9t\u00e9s - Vend\u00e9e Pays de la Loire \u00e0 Palluau (85)\"},\"image\":{\"@id\":\"https:\\\/\\\/orchestre-bahamas.fr\\\/#\\\/schema\\\/logo\\\/image\\\/\"},\"sameAs\":[\"https:\\\/\\\/www.facebook.com\\\/p\\\/Orchestre-Bahamas-100041518577628\\\/?locale=fr_FR\"]}]}<\/script>\n<!-- \/ Yoast SEO plugin. -->","yoast_head_json":{"title":"Bal Populaire - L'Orchestre Bahamas au service de vos soir\u00e9es.","description":"L'Orchestre Bahamas au service de vos soir\u00e9es : Bal Populaire, mariage, concert, \u00e9v\u00e8nementiel d'entreprise, soir\u00e9e associative.","robots":{"index":"index","follow":"follow","max-snippet":"max-snippet:-1","max-image-preview":"max-image-preview:large","max-video-preview":"max-video-preview:-1"},"canonical":"https:\/\/orchestre-bahamas.fr\/?page_id=38","og_locale":"fr_FR","og_type":"article","og_title":"Bal Populaire - L'Orchestre Bahamas au service de vos soir\u00e9es.","og_description":"L'Orchestre Bahamas au service de vos soir\u00e9es : Bal Populaire, mariage, concert, \u00e9v\u00e8nementiel d'entreprise, soir\u00e9e associative.","og_url":"https:\/\/orchestre-bahamas.fr\/?page_id=38","og_site_name":"Orchestre de VEND\u00c9E BAHAMAS - Orchestre Bahamas : Mariage, bals, noces, vari\u00e9t\u00e9s - Vend\u00e9e Pays de la Loire \u00e0 Palluau (85)","article_publisher":"https:\/\/www.facebook.com\/p\/Orchestre-Bahamas-100041518577628\/?locale=fr_FR","article_modified_time":"2025-06-30T10:52:05+00:00","og_image":[{"width":1000,"height":1000,"url":"https:\/\/orchestre-bahamas.fr\/wp-content\/uploads\/2025\/06\/diapo1-1.jpg","type":"image\/jpeg"}],"twitter_card":"summary_large_image","twitter_misc":{"Dur\u00e9e de lecture estim\u00e9e":"2 minutes"},"schema":{"@context":"https:\/\/schema.org","@graph":[{"@type":"WebPage","@id":"https:\/\/orchestre-bahamas.fr\/?page_id=38","url":"https:\/\/orchestre-bahamas.fr\/?page_id=38","name":"Bal Populaire - L'Orchestre Bahamas au service de vos soir\u00e9es.","isPartOf":{"@id":"https:\/\/orchestre-bahamas.fr\/#website"},"primaryImageOfPage":{"@id":"https:\/\/orchestre-bahamas.fr\/?page_id=38#primaryimage"},"image":{"@id":"https:\/\/orchestre-bahamas.fr\/?page_id=38#primaryimage"},"thumbnailUrl":"https:\/\/orchestre-bahamas.fr\/wp-content\/uploads\/2025\/06\/diapo1-1.jpg","datePublished":"2025-05-19T10:03:19+00:00","dateModified":"2025-06-30T10:52:05+00:00","description":"L'Orchestre Bahamas au service de vos soir\u00e9es : Bal Populaire, mariage, concert, \u00e9v\u00e8nementiel d'entreprise, soir\u00e9e associative.","breadcrumb":{"@id":"https:\/\/orchestre-bahamas.fr\/?page_id=38#breadcrumb"},"inLanguage":"fr-FR","potentialAction":[{"@type":"ReadAction","target":["https:\/\/orchestre-bahamas.fr\/?page_id=38"]}]},{"@type":"ImageObject","inLanguage":"fr-FR","@id":"https:\/\/orchestre-bahamas.fr\/?page_id=38#primaryimage","url":"https:\/\/orchestre-bahamas.fr\/wp-content\/uploads\/2025\/06\/diapo1-1.jpg","contentUrl":"https:\/\/orchestre-bahamas.fr\/wp-content\/uploads\/2025\/06\/diapo1-1.jpg","width":1000,"height":1000,"caption":"L'Orchestre Bahamas au service de vos soir\u00e9es : Bal Populaire, mariage, concert, \u00e9v\u00e8nementiel d'entreprise, soir\u00e9e associative."},{"@type":"BreadcrumbList","@id":"https:\/\/orchestre-bahamas.fr\/?page_id=38#breadcrumb","itemListElement":[{"@type":"ListItem","position":1,"name":"Accueil","item":"https:\/\/orchestre-bahamas.fr\/"},{"@type":"ListItem","position":2,"name":"Prestations"}]},{"@type":"WebSite","@id":"https:\/\/orchestre-bahamas.fr\/#website","url":"https:\/\/orchestre-bahamas.fr\/","name":"L'Orchestre Bahamas : Mariage, bals, noces, vari\u00e9t\u00e9s - Vend\u00e9e Pays de la Loire \u00e0 Palluau (85)","description":"","publisher":{"@id":"https:\/\/orchestre-bahamas.fr\/#organization"},"potentialAction":[{"@type":"SearchAction","target":{"@type":"EntryPoint","urlTemplate":"https:\/\/orchestre-bahamas.fr\/?s={search_term_string}"},"query-input":{"@type":"PropertyValueSpecification","valueRequired":true,"valueName":"search_term_string"}}],"inLanguage":"fr-FR"},{"@type":"Organization","@id":"https:\/\/orchestre-bahamas.fr\/#organization","name":"L'Orchestre Bahamas en VEND\u00c9E - L'Orchestre Bahamas : Mariage, bals, noces, vari\u00e9t\u00e9s - Vend\u00e9e Pays de la Loire \u00e0 Palluau (85)","url":"https:\/\/orchestre-bahamas.fr\/","logo":{"@type":"ImageObject","inLanguage":"fr-FR","@id":"https:\/\/orchestre-bahamas.fr\/#\/schema\/logo\/image\/","url":"https:\/\/orchestre-bahamas.fr\/wp-content\/uploads\/2025\/06\/logo2025.png","contentUrl":"https:\/\/orchestre-bahamas.fr\/wp-content\/uploads\/2025\/06\/logo2025.png","width":453,"height":243,"caption":"L'Orchestre Bahamas en VEND\u00c9E - L'Orchestre Bahamas : Mariage, bals, noces, vari\u00e9t\u00e9s - Vend\u00e9e Pays de la Loire \u00e0 Palluau (85)"},"image":{"@id":"https:\/\/orchestre-bahamas.fr\/#\/schema\/logo\/image\/"},"sameAs":["https:\/\/www.facebook.com\/p\/Orchestre-Bahamas-100041518577628\/?locale=fr_FR"]}]}},"_links":{"self":[{"href":"https:\/\/orchestre-bahamas.fr\/index.php?rest_route=\/wp\/v2\/pages\/38","targetHints":{"allow":["GET"]}}],"collection":[{"href":"https:\/\/orchestre-bahamas.fr\/index.php?rest_route=\/wp\/v2\/pages"}],"about":[{"href":"https:\/\/orchestre-bahamas.fr\/index.php?rest_route=\/wp\/v2\/types\/page"}],"author":[{"embeddable":true,"href":"https:\/\/orchestre-bahamas.fr\/index.php?rest_route=\/wp\/v2\/users\/1"}],"replies":[{"embeddable":true,"href":"https:\/\/orchestre-bahamas.fr\/index.php?rest_route=%2Fwp%2Fv2%2Fcomments&post=38"}],"version-history":[{"count":50,"href":"https:\/\/orchestre-bahamas.fr\/index.php?rest_route=\/wp\/v2\/pages\/38\/revisions"}],"predecessor-version":[{"id":528,"href":"https:\/\/orchestre-bahamas.fr\/index.php?rest_route=\/wp\/v2\/pages\/38\/revisions\/528"}],"wp:featuredmedia":[{"embeddable":true,"href":"https:\/\/orchestre-bahamas.fr\/index.php?rest_route=\/wp\/v2\/media\/212"}],"wp:attachment":[{"href":"https:\/\/orchestre-bahamas.fr\/index.php?rest_route=%2Fwp%2Fv2%2Fmedia&parent=38"}],"curies":[{"name":"wp","href":"https:\/\/api.w.org\/{rel}","templated":true}]}}