{"id":36,"date":"2025-05-19T09:57:50","date_gmt":"2025-05-19T09:57:50","guid":{"rendered":"https:\/\/mintcream-louse-751971.hostingersite.com\/?page_id=36"},"modified":"2026-02-26T17:27:40","modified_gmt":"2026-02-26T17:27:40","slug":"medias","status":"publish","type":"page","link":"https:\/\/orchestre-bahamas.fr\/?page_id=36","title":{"rendered":"M\u00e9dias"},"content":{"rendered":"\t\t<div data-elementor-type=\"wp-post\" data-elementor-id=\"36\" class=\"elementor elementor-36\">\n\t\t\t\t<div class=\"elementor-element elementor-element-63d5641 e-con-full e-flex wpr-particle-no wpr-jarallax-no wpr-parallax-no wpr-sticky-section-no e-con e-parent\" data-id=\"63d5641\" data-element_type=\"container\" data-settings=\"{&quot;background_background&quot;:&quot;classic&quot;}\">\n\t\t\t\t<div class=\"elementor-element elementor-element-240eebf elementor-widget__width-initial elementor-widget-mobile__width-initial elementor-widget elementor-widget-video\" data-id=\"240eebf\" data-element_type=\"widget\" data-settings=\"{&quot;autoplay&quot;:&quot;yes&quot;,&quot;video_type&quot;:&quot;hosted&quot;,&quot;play_on_mobile&quot;:&quot;yes&quot;,&quot;controls&quot;:&quot;yes&quot;}\" data-widget_type=\"video.default\">\n\t\t\t\t<div class=\"elementor-widget-container\">\n\t\t\t\t\t\t\t<div class=\"e-hosted-video elementor-wrapper elementor-open-inline\">\n\t\t\t\t\t<video class=\"elementor-video\" src=\"https:\/\/mintcream-louse-751971.hostingersite.com\/wp-content\/uploads\/2025\/06\/BAHAMAS-DEMO-Instagram.mp4\" autoplay=\"\" controls=\"\" playsinline=\"\" controlsList=\"nodownload\"><\/video>\n\t\t\t\t<\/div>\n\t\t\t\t\t\t<\/div>\n\t\t\t\t<\/div>\n\t\t\t\t<div class=\"elementor-element elementor-element-8e2f3f8 elementor-widget__width-initial elementor-widget-mobile__width-initial elementor-widget elementor-widget-text-editor\" data-id=\"8e2f3f8\" data-element_type=\"widget\" data-widget_type=\"text-editor.default\">\n\t\t\t\t<div class=\"elementor-widget-container\">\n\t\t\t\t\t\t\t\t\t<h1><span style=\"color: #ffff00;\">M\u00e9dias<\/span><\/h1><h2>Une pr\u00e9sence sur tout le Grand Ouest<\/h2><p>Bas\u00e9 en Vend\u00e9e, l\u2019Orchestre Bahamas se produit r\u00e9guli\u00e8rement dans toute la r\u00e9gion : Vend\u00e9e, Loire-Atlantique, Deux-S\u00e8vres, Charente-Maritime, Maine-et-Loire, Bretagne, Nouvelle-Aquitaine, Centre-Val de Loire\u2026<\/p><p><span style=\"color: #ffffff; font-size: 1rem;\">Que ce soit pour des prestations en salle ou en ext\u00e9rieur, nous nous adaptons \u00e0 tous les lieux et toutes les configurations.<\/span><\/p><p><span style=\"color: #ffffff;\">Notre r\u00e9seau d\u2019organisateurs fid\u00e8les t\u00e9moigne de la qualit\u00e9 de nos prestations et de la confiance que nous avons su instaurer au fil des ann\u00e9es.<\/span><\/p>\t\t\t\t\t\t\t\t<\/div>\n\t\t\t\t<\/div>\n\t\t\t\t<\/div>\n\t\t<div class=\"elementor-element elementor-element-43e56bb e-flex e-con-boxed wpr-particle-no wpr-jarallax-no wpr-parallax-no wpr-sticky-section-no e-con e-parent\" data-id=\"43e56bb\" data-element_type=\"container\" data-settings=\"{&quot;background_background&quot;:&quot;classic&quot;}\">\n\t\t\t\t\t<div class=\"e-con-inner\">\n\t\t<div class=\"elementor-element elementor-element-542025e e-con-full e-flex wpr-particle-no wpr-jarallax-no wpr-parallax-no wpr-sticky-section-no e-con e-child\" data-id=\"542025e\" data-element_type=\"container\">\n\t\t\t\t<div class=\"elementor-element elementor-element-f756b74 elementor-widget elementor-widget-text-editor\" data-id=\"f756b74\" data-element_type=\"widget\" data-widget_type=\"text-editor.default\">\n\t\t\t\t<div class=\"elementor-widget-container\">\n\t\t\t\t\t\t\t\t\t<h2 style=\"text-align: left;\"><span style=\"color: #ffffff;\">Des valeurs fortes : qualit\u00e9, passion, proximit\u00e9<\/span><\/h2><p>Chaque \u00e9v\u00e9nement m\u00e9rite une prestation \u00e0 la hauteur. C\u2019est pourquoi nous r\u00e9p\u00e9tons r\u00e9guli\u00e8rement, renouvelons notre mat\u00e9riel, soignons notre pr\u00e9sence sc\u00e9nique et entretenons une excellente coh\u00e9sion de groupe.<\/p><p><br \/>Et surtout, nous faisons ce m\u00e9tier avec le c\u0153ur. C\u2019est notre moteur. C\u2019est ce que vous ressentirez \u00e0 travers chaque note jou\u00e9e, chaque sourire \u00e9chang\u00e9, chaque moment v\u00e9cu ensemble.<\/p><p><span style=\"color: #ffffff;\">Bienvenue dans l\u2019univers de l\u2019Orchestre Bahamas. Une aventure musicale et humaine \u00e0 partager sans mod\u00e9ration !<\/span><\/p>\t\t\t\t\t\t\t\t<\/div>\n\t\t\t\t<\/div>\n\t\t\t\t<\/div>\n\t\t<div class=\"elementor-element elementor-element-d09a642 e-con-full e-flex wpr-particle-no wpr-jarallax-no wpr-parallax-no wpr-sticky-section-no e-con e-child\" data-id=\"d09a642\" data-element_type=\"container\">\n\t\t\t\t<\/div>\n\t\t\t\t\t<\/div>\n\t\t\t\t<\/div>\n\t\t<div class=\"elementor-element elementor-element-9d4169a e-flex e-con-boxed wpr-particle-no wpr-jarallax-no wpr-parallax-no wpr-sticky-section-no e-con e-parent\" data-id=\"9d4169a\" data-element_type=\"container\">\n\t\t\t\t\t<div class=\"e-con-inner\">\n\t\t<div class=\"elementor-element elementor-element-ef6e59a e-con-full e-flex wpr-particle-no wpr-jarallax-no wpr-parallax-no wpr-sticky-section-no e-con e-child\" data-id=\"ef6e59a\" data-element_type=\"container\">\n\t\t\t\t<div class=\"elementor-element elementor-element-932def8 elementor-widget elementor-widget-slide-compact-player\" data-id=\"932def8\" data-element_type=\"widget\" data-widget_type=\"slide-compact-player.default\">\n\t\t\t\t<div class=\"elementor-widget-container\">\n\t\t\t\t\t\r\n\t\t<div class=\"swp_music_player compact-player\" id=\"mpfe_6a01c308f0624\" data-autoplay=\"no\" data-playmode=\"repeat\" data-stopplaylistend=\"no\" data-stopsongend=\"no\" data-repeatmode=\"unset\" data-pfs=\"no\">\r\n\t\t\t<div class=\"swp-compact-player\">\r\n\t\t\t\t<div class=\"swp-compact-cover\">\r\n\t\t\t\t\t<div class=\"swp-compact-cover-container\"><\/div>\r\n\t\t\t\t\t<div class=\"compact-cover-overlay album_left_overlay lc_swp_overlay\"><\/div>\r\n\t\t\t\t<\/div>\r\n\r\n\t\t\t\t<div class=\"swp-compact-player-info\">\r\n\t\t\t\t\t<div class=\"compact-info-overlay album_right_overlay lc_swp_overlay\"><\/div>\r\n\t\t\t\t\t<div class=\"compact-info-content\">\r\n\t\t\t\t\t\t<div class=\"compact-info-top mpfe_clearfix\">\r\n\t\t\t\t\t\t\t<div class=\"compact-song-details\">\r\n\t\t\t\t\t\t\t\t<div class=\"current_song_name compact-song-name\"><\/div>\r\n\t\t\t\t\t\t\t\t<div class=\"current_album_name compact-album-name\"><\/div>\r\n\t\t\t\t\t\t\t<\/div>\r\n\t\t\t\t\t\t\t<div class=\"compact-play-pause\">\r\n\t\t\t\t\t\t\t\t<span class=\"compact-play-container \">\r\n\t\t\t\t\t\t\t\t\t<i class=\"fas fa-play player_play compact_play compact-playpause\"><\/i>\r\n\t\t\t\t\t\t\t\t<\/span>\r\n\t\t\t\t\t\t\t\t<span class=\"compact-pause-container\">\r\n\t\t\t\t\t\t\t\t\t<i class=\"fas fa-pause player_pause compact_pause compact-playpause display_none\"><\/i>\r\n\t\t\t\t\t\t\t\t<\/span>\r\n\t\t\t\t\t\t\t<\/div>\r\n\t\t\t\t\t\t<\/div>\r\n\r\n\t\t\t\t\t\t<div class=\"smc_player_progress_bar compact-progress-bar\">\r\n\t\t\t\t\t\t\t<div class=\"player_time_slider_base compact-player-slider-base rtl_direction\"><\/div>\r\n\t\t\t\t\t\t\t<div class=\"player_time_slider compact-player-slider\"><\/div>\r\n\t\t\t\t\t\t<\/div>\r\n\r\n\t\t\t\t\t\t<div class=\"compact-info-bottom mpfe_clearfix\">\r\n\t\t\t\t\t\t\t<div class=\"compact-timeline\">\r\n\t\t\t\t\t\t\t\t<span class=\"song_current_progress compact_current_progress\">0:00<\/span>\r\n\t\t\t\t\t\t\t\t<span class=\"player_duration_sep compact_duration_sep\">&#47;<\/span>\r\n\t\t\t\t\t\t\t\t<span class=\"song_duration compact_song_duration\">0:00<\/span>\r\n\t\t\t\t\t\t\t<\/div>\r\n\r\n\t\t\t\t\t\t\t\r\n\t\t\t\t\t\t\t<div class=\"compact-controls\">\r\n\t\t\t\t\t\t\t\t\r\n\t\t\t\t\t\t\t\t\t\t\t\t\t\t\t\t\t\t\t\t\t\t\t\t<i class=\"fas fa-step-backward mpfe-compact-bottom-player-icon\"><\/i>\r\n\t\t\t\t\t\t\t\t<i class=\"fas fa-step-forward mpfe-compact-bottom-player-icon\"><\/i>\r\n\t\t\t\t\t\t\t\t\t\t\t\t\t\t\t\t\t\t\t\t\t\t\t\t\r\n\r\n\r\n\t\t\t\t\t\t\t\t\t\t\t\t\t\t\t<\/div>\r\n\t\t\t\t\t\t<\/div>\r\n\t\t\t\t\t<\/div>\r\n\t\t\t\t<\/div>\r\n\t\t\t<\/div>\r\n\r\n\t\t\t\r\n\t\t\t<div class=\"swp-compact-playlist swp-playlist-under\">\r\n\t\t\t\t\t\t\t\t<div class=\"swp-compact-playlist-inner-container swp-playlist-under-inner-container\">\r\n\t\t\t\t\t<div class=\"swp-compact-playlist-inner\">\r\n\t\t\t\t\t\t\t<div class=\"swp_music_player_entry compact-player-entry mpfe_clearfix\" data-mediafile=\"https:\/\/mintcream-louse-751971.hostingersite.com\/wp-content\/uploads\/2025\/06\/04-gotta-feeling.mp3\">\r\n\t\t\t<span class=\"swp_song_details player_entry_left compact_player_entry_left\">\r\n\t\t\t\t<span class=\"play_icon compact_player_playlist_under_play\">\r\n\t\t\t\t\t<i class=\"fas fa-play before_song compact_bs compact_bs_play\"><\/i>\r\n\t\t\t\t\t<i class=\"fas fa-pause before_song compact_bs compact_bs_pause display_none\"><\/i>\r\n\t\t\t\t<\/span>\r\n\t\t\t\t<span class=\"player_song_name transition3\" data-albumname=\"Gotta Feeling\">\r\n\t\t\t\t\tBlack Eyed Peas \t\t\t\t<\/span>\r\n\t\t\t\t\t\t\t<\/span>\r\n\r\n\t\t\t<span class=\"entry_duration mpfe_fix_lh\"><\/span>\t\t\r\n\r\n\t\t\t<span class=\"song_buy_icons compact_buy_icons transition3 mpfe_clearfix mobile_visibility_hide\">\r\n\t\t\t\t\t\t\t\t\t\t\t\t\t\t\t\t\t\t\t<\/span>\r\n\r\n\t\t\t\t\t<\/div>\r\n\r\n\t\t\t\t\t\t\t<\/div>\r\n\t\t\t\t<\/div>\r\n\t\t\t<\/div>\r\n\t\t<\/div>\r\n\r\n\t\t\t\t\t\t<\/div>\n\t\t\t\t<\/div>\n\t\t\t\t<\/div>\n\t\t\t\t\t<\/div>\n\t\t\t\t<\/div>\n\t\t<div class=\"elementor-element elementor-element-2e17fb5 e-flex e-con-boxed wpr-particle-no wpr-jarallax-no wpr-parallax-no wpr-sticky-section-no e-con e-parent\" data-id=\"2e17fb5\" data-element_type=\"container\">\n\t\t\t\t\t<div class=\"e-con-inner\">\n\t\t\t\t<div class=\"elementor-element elementor-element-2258280 elementor-widget elementor-widget-spacer\" data-id=\"2258280\" data-element_type=\"widget\" data-widget_type=\"spacer.default\">\n\t\t\t\t<div class=\"elementor-widget-container\">\n\t\t\t\t\t\t\t<div class=\"elementor-spacer\">\n\t\t\t<div class=\"elementor-spacer-inner\"><\/div>\n\t\t<\/div>\n\t\t\t\t\t\t<\/div>\n\t\t\t\t<\/div>\n\t\t\t\t\t<\/div>\n\t\t\t\t<\/div>\n\t\t\t\t<\/div>\n\t\t","protected":false},"excerpt":{"rendered":"<p>https:\/\/mintcream-louse-751971.hostingersite.com\/wp-content\/uploads\/2025\/06\/BAHAMAS-DEMO-Instagram.mp4 M\u00e9dias Une pr\u00e9sence sur tout le Grand Ouest Bas\u00e9 en Vend\u00e9e, l\u2019Orchestre Bahamas se produit r\u00e9guli\u00e8rement dans toute la r\u00e9gion : Vend\u00e9e, Loire-Atlantique, Deux-S\u00e8vres, Charente-Maritime, Maine-et-Loire, Bretagne, Nouvelle-Aquitaine, Centre-Val de Loire\u2026 Que ce soit pour des prestations en salle ou en ext\u00e9rieur, nous nous adaptons \u00e0 tous les lieux et toutes les configurations. Notre r\u00e9seau d\u2019organisateurs fid\u00e8les t\u00e9moigne de la qualit\u00e9 de nos prestations et de la confiance que nous avons su instaurer au fil des ann\u00e9es. Des valeurs fortes : qualit\u00e9, passion, proximit\u00e9 Chaque \u00e9v\u00e9nement m\u00e9rite une prestation \u00e0 la hauteur. C\u2019est pourquoi nous r\u00e9p\u00e9tons r\u00e9guli\u00e8rement, renouvelons notre mat\u00e9riel, soignons notre pr\u00e9sence sc\u00e9nique et entretenons une excellente coh\u00e9sion de groupe. Et surtout, nous faisons ce m\u00e9tier avec le c\u0153ur. C\u2019est notre moteur. C\u2019est ce que vous ressentirez \u00e0 travers chaque note jou\u00e9e, chaque sourire \u00e9chang\u00e9, chaque moment v\u00e9cu ensemble. Bienvenue dans l\u2019univers de l\u2019Orchestre Bahamas. Une aventure musicale et humaine \u00e0 partager sans mod\u00e9ration ! 0:00 &#47; 0:00 Black Eyed Peas<\/p>\n","protected":false},"author":1,"featured_media":0,"parent":0,"menu_order":0,"comment_status":"closed","ping_status":"closed","template":"","meta":{"footnotes":""},"class_list":["post-36","page","type-page","status-publish","hentry"],"yoast_head":"<!-- This site is optimized with the Yoast SEO plugin v27.5 - https:\/\/yoast.com\/product\/yoast-seo-wordpress\/ -->\n<title>M\u00e9dias - Orchestre de VEND\u00c9E BAHAMAS - Orchestre Bahamas : Mariage, bals, noces, vari\u00e9t\u00e9s - Vend\u00e9e Pays de la Loire \u00e0 Palluau (85)<\/title>\n<meta name=\"robots\" content=\"index, follow, max-snippet:-1, max-image-preview:large, max-video-preview:-1\" \/>\n<link rel=\"canonical\" href=\"https:\/\/orchestre-bahamas.fr\/?page_id=36\" \/>\n<meta property=\"og:locale\" content=\"fr_FR\" \/>\n<meta property=\"og:type\" content=\"article\" \/>\n<meta property=\"og:title\" content=\"M\u00e9dias - Orchestre de VEND\u00c9E BAHAMAS - Orchestre Bahamas : Mariage, bals, noces, vari\u00e9t\u00e9s - Vend\u00e9e Pays de la Loire \u00e0 Palluau (85)\" \/>\n<meta property=\"og:description\" content=\"https:\/\/mintcream-louse-751971.hostingersite.com\/wp-content\/uploads\/2025\/06\/BAHAMAS-DEMO-Instagram.mp4 M\u00e9dias Une pr\u00e9sence sur tout le Grand Ouest Bas\u00e9 en Vend\u00e9e, l\u2019Orchestre Bahamas se produit r\u00e9guli\u00e8rement dans toute la r\u00e9gion : Vend\u00e9e, Loire-Atlantique, Deux-S\u00e8vres, Charente-Maritime, Maine-et-Loire, Bretagne, Nouvelle-Aquitaine, Centre-Val de Loire\u2026 Que ce soit pour des prestations en salle ou en ext\u00e9rieur, nous nous adaptons \u00e0 tous les lieux et toutes les configurations. Notre r\u00e9seau d\u2019organisateurs fid\u00e8les t\u00e9moigne de la qualit\u00e9 de nos prestations et de la confiance que nous avons su instaurer au fil des ann\u00e9es. Des valeurs fortes : qualit\u00e9, passion, proximit\u00e9 Chaque \u00e9v\u00e9nement m\u00e9rite une prestation \u00e0 la hauteur. C\u2019est pourquoi nous r\u00e9p\u00e9tons r\u00e9guli\u00e8rement, renouvelons notre mat\u00e9riel, soignons notre pr\u00e9sence sc\u00e9nique et entretenons une excellente coh\u00e9sion de groupe. Et surtout, nous faisons ce m\u00e9tier avec le c\u0153ur. C\u2019est notre moteur. C\u2019est ce que vous ressentirez \u00e0 travers chaque note jou\u00e9e, chaque sourire \u00e9chang\u00e9, chaque moment v\u00e9cu ensemble. Bienvenue dans l\u2019univers de l\u2019Orchestre Bahamas. Une aventure musicale et humaine \u00e0 partager sans mod\u00e9ration ! 0:00 &#047; 0:00 Black Eyed Peas\" \/>\n<meta property=\"og:url\" content=\"https:\/\/orchestre-bahamas.fr\/?page_id=36\" \/>\n<meta property=\"og:site_name\" content=\"Orchestre de VEND\u00c9E BAHAMAS - Orchestre Bahamas : Mariage, bals, noces, vari\u00e9t\u00e9s - Vend\u00e9e Pays de la Loire \u00e0 Palluau (85)\" \/>\n<meta property=\"article:publisher\" content=\"https:\/\/www.facebook.com\/p\/Orchestre-Bahamas-100041518577628\/?locale=fr_FR\" \/>\n<meta property=\"article:modified_time\" content=\"2026-02-26T17:27:40+00:00\" \/>\n<meta property=\"og:image\" content=\"https:\/\/orchestre-bahamas.fr\/wp-content\/uploads\/2025\/06\/logo2025.png\" \/>\n\t<meta property=\"og:image:width\" content=\"453\" \/>\n\t<meta property=\"og:image:height\" content=\"243\" \/>\n\t<meta property=\"og:image:type\" content=\"image\/png\" \/>\n<meta name=\"twitter:card\" content=\"summary_large_image\" \/>\n<meta name=\"twitter:label1\" content=\"Dur\u00e9e de lecture estim\u00e9e\" \/>\n\t<meta name=\"twitter:data1\" content=\"1 minute\" \/>\n<script type=\"application\/ld+json\" class=\"yoast-schema-graph\">{\"@context\":\"https:\\\/\\\/schema.org\",\"@graph\":[{\"@type\":\"WebPage\",\"@id\":\"https:\\\/\\\/orchestre-bahamas.fr\\\/?page_id=36\",\"url\":\"https:\\\/\\\/orchestre-bahamas.fr\\\/?page_id=36\",\"name\":\"M\u00e9dias - Orchestre de VEND\u00c9E BAHAMAS - Orchestre Bahamas : Mariage, bals, noces, vari\u00e9t\u00e9s - Vend\u00e9e Pays de la Loire \u00e0 Palluau (85)\",\"isPartOf\":{\"@id\":\"https:\\\/\\\/orchestre-bahamas.fr\\\/#website\"},\"datePublished\":\"2025-05-19T09:57:50+00:00\",\"dateModified\":\"2026-02-26T17:27:40+00:00\",\"breadcrumb\":{\"@id\":\"https:\\\/\\\/orchestre-bahamas.fr\\\/?page_id=36#breadcrumb\"},\"inLanguage\":\"fr-FR\",\"potentialAction\":[{\"@type\":\"ReadAction\",\"target\":[\"https:\\\/\\\/orchestre-bahamas.fr\\\/?page_id=36\"]}]},{\"@type\":\"BreadcrumbList\",\"@id\":\"https:\\\/\\\/orchestre-bahamas.fr\\\/?page_id=36#breadcrumb\",\"itemListElement\":[{\"@type\":\"ListItem\",\"position\":1,\"name\":\"Accueil\",\"item\":\"https:\\\/\\\/orchestre-bahamas.fr\\\/\"},{\"@type\":\"ListItem\",\"position\":2,\"name\":\"M\u00e9dias\"}]},{\"@type\":\"WebSite\",\"@id\":\"https:\\\/\\\/orchestre-bahamas.fr\\\/#website\",\"url\":\"https:\\\/\\\/orchestre-bahamas.fr\\\/\",\"name\":\"L'Orchestre Bahamas : Mariage, bals, noces, vari\u00e9t\u00e9s - Vend\u00e9e Pays de la Loire \u00e0 Palluau (85)\",\"description\":\"\",\"publisher\":{\"@id\":\"https:\\\/\\\/orchestre-bahamas.fr\\\/#organization\"},\"potentialAction\":[{\"@type\":\"SearchAction\",\"target\":{\"@type\":\"EntryPoint\",\"urlTemplate\":\"https:\\\/\\\/orchestre-bahamas.fr\\\/?s={search_term_string}\"},\"query-input\":{\"@type\":\"PropertyValueSpecification\",\"valueRequired\":true,\"valueName\":\"search_term_string\"}}],\"inLanguage\":\"fr-FR\"},{\"@type\":\"Organization\",\"@id\":\"https:\\\/\\\/orchestre-bahamas.fr\\\/#organization\",\"name\":\"L'Orchestre Bahamas en VEND\u00c9E - L'Orchestre Bahamas : Mariage, bals, noces, vari\u00e9t\u00e9s - Vend\u00e9e Pays de la Loire \u00e0 Palluau (85)\",\"url\":\"https:\\\/\\\/orchestre-bahamas.fr\\\/\",\"logo\":{\"@type\":\"ImageObject\",\"inLanguage\":\"fr-FR\",\"@id\":\"https:\\\/\\\/orchestre-bahamas.fr\\\/#\\\/schema\\\/logo\\\/image\\\/\",\"url\":\"https:\\\/\\\/orchestre-bahamas.fr\\\/wp-content\\\/uploads\\\/2025\\\/06\\\/logo2025.png\",\"contentUrl\":\"https:\\\/\\\/orchestre-bahamas.fr\\\/wp-content\\\/uploads\\\/2025\\\/06\\\/logo2025.png\",\"width\":453,\"height\":243,\"caption\":\"L'Orchestre Bahamas en VEND\u00c9E - L'Orchestre Bahamas : Mariage, bals, noces, vari\u00e9t\u00e9s - Vend\u00e9e Pays de la Loire \u00e0 Palluau (85)\"},\"image\":{\"@id\":\"https:\\\/\\\/orchestre-bahamas.fr\\\/#\\\/schema\\\/logo\\\/image\\\/\"},\"sameAs\":[\"https:\\\/\\\/www.facebook.com\\\/p\\\/Orchestre-Bahamas-100041518577628\\\/?locale=fr_FR\"]}]}<\/script>\n<!-- \/ Yoast SEO plugin. -->","yoast_head_json":{"title":"M\u00e9dias - Orchestre de VEND\u00c9E BAHAMAS - Orchestre Bahamas : Mariage, bals, noces, vari\u00e9t\u00e9s - Vend\u00e9e Pays de la Loire \u00e0 Palluau (85)","robots":{"index":"index","follow":"follow","max-snippet":"max-snippet:-1","max-image-preview":"max-image-preview:large","max-video-preview":"max-video-preview:-1"},"canonical":"https:\/\/orchestre-bahamas.fr\/?page_id=36","og_locale":"fr_FR","og_type":"article","og_title":"M\u00e9dias - Orchestre de VEND\u00c9E BAHAMAS - Orchestre Bahamas : Mariage, bals, noces, vari\u00e9t\u00e9s - Vend\u00e9e Pays de la Loire \u00e0 Palluau (85)","og_description":"https:\/\/mintcream-louse-751971.hostingersite.com\/wp-content\/uploads\/2025\/06\/BAHAMAS-DEMO-Instagram.mp4 M\u00e9dias Une pr\u00e9sence sur tout le Grand Ouest Bas\u00e9 en Vend\u00e9e, l\u2019Orchestre Bahamas se produit r\u00e9guli\u00e8rement dans toute la r\u00e9gion : Vend\u00e9e, Loire-Atlantique, Deux-S\u00e8vres, Charente-Maritime, Maine-et-Loire, Bretagne, Nouvelle-Aquitaine, Centre-Val de Loire\u2026 Que ce soit pour des prestations en salle ou en ext\u00e9rieur, nous nous adaptons \u00e0 tous les lieux et toutes les configurations. Notre r\u00e9seau d\u2019organisateurs fid\u00e8les t\u00e9moigne de la qualit\u00e9 de nos prestations et de la confiance que nous avons su instaurer au fil des ann\u00e9es. Des valeurs fortes : qualit\u00e9, passion, proximit\u00e9 Chaque \u00e9v\u00e9nement m\u00e9rite une prestation \u00e0 la hauteur. C\u2019est pourquoi nous r\u00e9p\u00e9tons r\u00e9guli\u00e8rement, renouvelons notre mat\u00e9riel, soignons notre pr\u00e9sence sc\u00e9nique et entretenons une excellente coh\u00e9sion de groupe. Et surtout, nous faisons ce m\u00e9tier avec le c\u0153ur. C\u2019est notre moteur. C\u2019est ce que vous ressentirez \u00e0 travers chaque note jou\u00e9e, chaque sourire \u00e9chang\u00e9, chaque moment v\u00e9cu ensemble. Bienvenue dans l\u2019univers de l\u2019Orchestre Bahamas. Une aventure musicale et humaine \u00e0 partager sans mod\u00e9ration ! 0:00 &#47; 0:00 Black Eyed Peas","og_url":"https:\/\/orchestre-bahamas.fr\/?page_id=36","og_site_name":"Orchestre de VEND\u00c9E BAHAMAS - Orchestre Bahamas : Mariage, bals, noces, vari\u00e9t\u00e9s - Vend\u00e9e Pays de la Loire \u00e0 Palluau (85)","article_publisher":"https:\/\/www.facebook.com\/p\/Orchestre-Bahamas-100041518577628\/?locale=fr_FR","article_modified_time":"2026-02-26T17:27:40+00:00","og_image":[{"width":453,"height":243,"url":"https:\/\/orchestre-bahamas.fr\/wp-content\/uploads\/2025\/06\/logo2025.png","type":"image\/png"}],"twitter_card":"summary_large_image","twitter_misc":{"Dur\u00e9e de lecture estim\u00e9e":"1 minute"},"schema":{"@context":"https:\/\/schema.org","@graph":[{"@type":"WebPage","@id":"https:\/\/orchestre-bahamas.fr\/?page_id=36","url":"https:\/\/orchestre-bahamas.fr\/?page_id=36","name":"M\u00e9dias - Orchestre de VEND\u00c9E BAHAMAS - Orchestre Bahamas : Mariage, bals, noces, vari\u00e9t\u00e9s - Vend\u00e9e Pays de la Loire \u00e0 Palluau (85)","isPartOf":{"@id":"https:\/\/orchestre-bahamas.fr\/#website"},"datePublished":"2025-05-19T09:57:50+00:00","dateModified":"2026-02-26T17:27:40+00:00","breadcrumb":{"@id":"https:\/\/orchestre-bahamas.fr\/?page_id=36#breadcrumb"},"inLanguage":"fr-FR","potentialAction":[{"@type":"ReadAction","target":["https:\/\/orchestre-bahamas.fr\/?page_id=36"]}]},{"@type":"BreadcrumbList","@id":"https:\/\/orchestre-bahamas.fr\/?page_id=36#breadcrumb","itemListElement":[{"@type":"ListItem","position":1,"name":"Accueil","item":"https:\/\/orchestre-bahamas.fr\/"},{"@type":"ListItem","position":2,"name":"M\u00e9dias"}]},{"@type":"WebSite","@id":"https:\/\/orchestre-bahamas.fr\/#website","url":"https:\/\/orchestre-bahamas.fr\/","name":"L'Orchestre Bahamas : Mariage, bals, noces, vari\u00e9t\u00e9s - Vend\u00e9e Pays de la Loire \u00e0 Palluau (85)","description":"","publisher":{"@id":"https:\/\/orchestre-bahamas.fr\/#organization"},"potentialAction":[{"@type":"SearchAction","target":{"@type":"EntryPoint","urlTemplate":"https:\/\/orchestre-bahamas.fr\/?s={search_term_string}"},"query-input":{"@type":"PropertyValueSpecification","valueRequired":true,"valueName":"search_term_string"}}],"inLanguage":"fr-FR"},{"@type":"Organization","@id":"https:\/\/orchestre-bahamas.fr\/#organization","name":"L'Orchestre Bahamas en VEND\u00c9E - L'Orchestre Bahamas : Mariage, bals, noces, vari\u00e9t\u00e9s - Vend\u00e9e Pays de la Loire \u00e0 Palluau (85)","url":"https:\/\/orchestre-bahamas.fr\/","logo":{"@type":"ImageObject","inLanguage":"fr-FR","@id":"https:\/\/orchestre-bahamas.fr\/#\/schema\/logo\/image\/","url":"https:\/\/orchestre-bahamas.fr\/wp-content\/uploads\/2025\/06\/logo2025.png","contentUrl":"https:\/\/orchestre-bahamas.fr\/wp-content\/uploads\/2025\/06\/logo2025.png","width":453,"height":243,"caption":"L'Orchestre Bahamas en VEND\u00c9E - L'Orchestre Bahamas : Mariage, bals, noces, vari\u00e9t\u00e9s - Vend\u00e9e Pays de la Loire \u00e0 Palluau (85)"},"image":{"@id":"https:\/\/orchestre-bahamas.fr\/#\/schema\/logo\/image\/"},"sameAs":["https:\/\/www.facebook.com\/p\/Orchestre-Bahamas-100041518577628\/?locale=fr_FR"]}]}},"_links":{"self":[{"href":"https:\/\/orchestre-bahamas.fr\/index.php?rest_route=\/wp\/v2\/pages\/36","targetHints":{"allow":["GET"]}}],"collection":[{"href":"https:\/\/orchestre-bahamas.fr\/index.php?rest_route=\/wp\/v2\/pages"}],"about":[{"href":"https:\/\/orchestre-bahamas.fr\/index.php?rest_route=\/wp\/v2\/types\/page"}],"author":[{"embeddable":true,"href":"https:\/\/orchestre-bahamas.fr\/index.php?rest_route=\/wp\/v2\/users\/1"}],"replies":[{"embeddable":true,"href":"https:\/\/orchestre-bahamas.fr\/index.php?rest_route=%2Fwp%2Fv2%2Fcomments&post=36"}],"version-history":[{"count":97,"href":"https:\/\/orchestre-bahamas.fr\/index.php?rest_route=\/wp\/v2\/pages\/36\/revisions"}],"predecessor-version":[{"id":542,"href":"https:\/\/orchestre-bahamas.fr\/index.php?rest_route=\/wp\/v2\/pages\/36\/revisions\/542"}],"wp:attachment":[{"href":"https:\/\/orchestre-bahamas.fr\/index.php?rest_route=%2Fwp%2Fv2%2Fmedia&parent=36"}],"curies":[{"name":"wp","href":"https:\/\/api.w.org\/{rel}","templated":true}]}}